{"id":90,"date":"2019-08-13T15:49:08","date_gmt":"2019-08-13T18:49:08","guid":{"rendered":"http:\/\/museudaoralidade.viraminas.org.br\/?page_id=90"},"modified":"2019-08-13T15:49:08","modified_gmt":"2019-08-13T18:49:08","slug":"contatos","status":"publish","type":"page","link":"https:\/\/museudaoralidade.org.br\/?page_id=90","title":{"rendered":"Contatos"},"content":{"rendered":"<p>Entre em contato com o Museu da Oralidade. Oferecemos cursos de capacita\u00e7\u00e3o, palestras, oficinas, rodas de conversa e elaboramos projetos de hist\u00f3ria oral.<\/p>\n<p>Produtores:<\/p>\n<p>Paulo Morais &#8211; paulo@viraminas.org.br &#8211; (35) 98804-7719<br \/>\nAndressa Gon\u00e7alves &#8211; aiza@viraminas.org.br &#8211; (35) 99807-0301<br \/>\nAdelaide de Castro &#8211; adelaide@viraminas.org.br &#8211; (35) 99214-3900<br \/>\nRonildo Prudente &#8211; ronildo@viraminas.org.br &#8211; (35) 98806-9239<\/p>\n","protected":false},"excerpt":{"rendered":"<a href=\"https:\/\/museudaoralidade.org.br\/?page_id=90\" rel=\"bookmark\" title=\"Link permanente Contatos\"><p>Entre em contato com o Museu da Oralidade. Oferecemos cursos de capacita\u00e7\u00e3o, palestras, oficinas, rodas de conversa e elaboramos projetos de hist\u00f3ria oral. Produtores: Paulo Morais &#8211; paulo@viraminas.org.br &#8211; (35) 98804-7719 Andressa Gon\u00e7alves &#8211; aiza@viraminas.org.br &#8211; (35) 99807-0301 Adelaide de Castro &#8211; adelaide@viraminas.org.br &#8211; (35) 99214-3900 Ronildo Prudente &#8211; ronildo@viraminas.org.br &#8211; (35) 98806-9239<\/p>\n<\/a>","protected":false},"author":1,"featured_media":0,"parent":0,"menu_order":0,"comment_status":"closed","ping_status":"closed","template":"","meta":{"spay_email":""},"_links":{"self":[{"href":"https:\/\/museudaoralidade.org.br\/index.php?rest_route=\/wp\/v2\/pages\/90"}],"collection":[{"href":"https:\/\/museudaoralidade.org.br\/index.php?rest_route=\/wp\/v2\/pages"}],"about":[{"href":"https:\/\/museudaoralidade.org.br\/index.php?rest_route=\/wp\/v2\/types\/page"}],"author":[{"embeddable":true,"href":"https:\/\/museudaoralidade.org.br\/index.php?rest_route=\/wp\/v2\/users\/1"}],"replies":[{"embeddable":true,"href":"https:\/\/museudaoralidade.org.br\/index.php?rest_route=%2Fwp%2Fv2%2Fcomments&post=90"}],"version-history":[{"count":1,"href":"https:\/\/museudaoralidade.org.br\/index.php?rest_route=\/wp\/v2\/pages\/90\/revisions"}],"predecessor-version":[{"id":92,"href":"https:\/\/museudaoralidade.org.br\/index.php?rest_route=\/wp\/v2\/pages\/90\/revisions\/92"}],"wp:attachment":[{"href":"https:\/\/museudaoralidade.org.br\/index.php?rest_route=%2Fwp%2Fv2%2Fmedia&parent=90"}],"curies":[{"name":"wp","href":"https:\/\/api.w.org\/{rel}","templated":true}]}}