{"id":179,"date":"2021-05-10T12:00:29","date_gmt":"2021-05-10T15:00:29","guid":{"rendered":"http:\/\/museudaoralidade.org.br\/?page_id=179"},"modified":"2021-05-10T12:01:00","modified_gmt":"2021-05-10T15:01:00","slug":"cultura-viva-e-pontos-de-cultura","status":"publish","type":"page","link":"https:\/\/museudaoralidade.org.br\/?page_id=179","title":{"rendered":"Cultura Viva e Pontos de Cultura"},"content":{"rendered":"\n<p>O Museu da Oralidade \u00e9 um Ponto de Cultura e, portanto, est\u00e1 registrado como tal na plataforma <a rel=\"noreferrer noopener\" href=\"https:\/\/culturaviva.gov.br\" target=\"_blank\">culturaviva.gov.br<\/a>. Os Pontos de Cultura s\u00e3o uma pol\u00edtica p\u00fablica que reconhece entidades e coletivos informais, formando uma rede de atua\u00e7\u00e3o espalhada pelo Brasil e respons\u00e1veis por projetos em diversas linguagens art\u00edsticas e em campos de mobiliza\u00e7\u00e3o popular. O objetivo \u00e9 garantir a frui\u00e7\u00e3o, a produ\u00e7\u00e3o e o interc\u00e2mbio cultural em um formato de bases comunit\u00e1rias, ou seja, mais pr\u00f3ximo das comunidades, trazendo os anseios da popula\u00e7\u00e3o para mais perto da formula\u00e7\u00e3o da pol\u00edtica p\u00fablica.<\/p>\n\n\n\n<p>Existem v\u00e1rias fontes de informa\u00e7\u00e3o sobre a pol\u00edtica de Cultura Viva e seu hist\u00f3rico, que remonta aos primeiros anos do governo Lula. Os primeiros editais aconteceram em 2003 e, em 2007, estes passaram a ser estadualizados e municipalizados, criando diversas redes regionais e tem\u00e1ticas de Pontos de Cultura. Em Minas Gerais, o primeiro conv\u00eanio aconteceu em 2008, com financiamento trienal a partir de 2010. Em 2014, o programa foi regulamentado como <a rel=\"noreferrer noopener\" href=\"https:\/\/www2.camara.leg.br\/legin\/fed\/lei\/2014\/lei-13018-22-julho-2014-779102-publicacaooriginal-144645-pl.html\" target=\"_blank\">lei federal<\/a>, o que aconteceu tamb\u00e9m no n\u00edvel estadual em 2018, com a cria\u00e7\u00e3o do Sistema Estadual de Cultura e da Pol\u00edtica Estadual de Cultura Viva, por meio da <a rel=\"noreferrer noopener\" href=\"https:\/\/www.almg.gov.br\/consulte\/legislacao\/completa\/completa.html?tipo=LEI&amp;num=22944&amp;comp=&amp;ano=2018\" target=\"_blank\">lei 22.944\/2018<\/a>.<\/p>\n\n\n\n<p>Para interessados no tema, h\u00e1 diversas publica\u00e7\u00f5es, entre elas a monografia de Claudia Houara de Castro, <strong>A estadualiza\u00e7\u00e3o do programa Cultura Viva de Minas Gerais: um Estudo de Caso. <\/strong>Segundo o resumo do pr\u00f3prio trabalho:<\/p>\n\n\n\n<blockquote class=\"wp-block-quote\"><p>Este trabalho tem como objetivo pesquisar a percep\u00e7\u00e3o e a avalia\u00e7\u00e3o da estadualiza\u00e7\u00e3o do Programa Cultura Viva em Minas Gerais, a partir do olhar de tr\u00eas Pontos de Cultura que se mantiveram no Programa, ap\u00f3s a sua inser\u00e7\u00e3o na Rede Estadual de Pontos de Cultura de MG, a percep\u00e7\u00e3o do MINC e da SEC-MG, agentes institucional do Programa Cultura Viva atrav\u00e9s do Pacto Federativo que se iniciou com o Programa Mais Cultura.<\/p><\/blockquote>\n\n\n\n<div class=\"wp-block-file\"><a href=\"http:\/\/museudaoralidade.org.br\/wp-content\/uploads\/2021\/05\/A-estadualizacao-do-Programa-Cultura-Viva-PDF.pdf\">A-estadualizacao-do-Programa-Cultura-Viva-PDF<\/a><a href=\"http:\/\/museudaoralidade.org.br\/wp-content\/uploads\/2021\/05\/A-estadualizacao-do-Programa-Cultura-Viva-PDF.pdf\" class=\"wp-block-file__button\" download>Baixar<\/a><\/div>\n\n\n\n<p><\/p>\n","protected":false},"excerpt":{"rendered":"<a href=\"https:\/\/museudaoralidade.org.br\/?page_id=179\" rel=\"bookmark\" title=\"Link permanente Cultura Viva e Pontos de Cultura\"><p>O Museu da Oralidade \u00e9 um Ponto de Cultura e, portanto, est\u00e1 registrado como tal na plataforma culturaviva.gov.br. Os Pontos de Cultura s\u00e3o uma pol\u00edtica p\u00fablica que reconhece entidades e coletivos informais, formando uma rede de atua\u00e7\u00e3o espalhada pelo Brasil e respons\u00e1veis por projetos em diversas linguagens art\u00edsticas e em campos de mobiliza\u00e7\u00e3o popular. O [&hellip;]<\/p>\n<\/a>","protected":false},"author":1,"featured_media":0,"parent":0,"menu_order":0,"comment_status":"closed","ping_status":"closed","template":"","meta":{"spay_email":""},"_links":{"self":[{"href":"https:\/\/museudaoralidade.org.br\/index.php?rest_route=\/wp\/v2\/pages\/179"}],"collection":[{"href":"https:\/\/museudaoralidade.org.br\/index.php?rest_route=\/wp\/v2\/pages"}],"about":[{"href":"https:\/\/museudaoralidade.org.br\/index.php?rest_route=\/wp\/v2\/types\/page"}],"author":[{"embeddable":true,"href":"https:\/\/museudaoralidade.org.br\/index.php?rest_route=\/wp\/v2\/users\/1"}],"replies":[{"embeddable":true,"href":"https:\/\/museudaoralidade.org.br\/index.php?rest_route=%2Fwp%2Fv2%2Fcomments&post=179"}],"version-history":[{"count":2,"href":"https:\/\/museudaoralidade.org.br\/index.php?rest_route=\/wp\/v2\/pages\/179\/revisions"}],"predecessor-version":[{"id":183,"href":"https:\/\/museudaoralidade.org.br\/index.php?rest_route=\/wp\/v2\/pages\/179\/revisions\/183"}],"wp:attachment":[{"href":"https:\/\/museudaoralidade.org.br\/index.php?rest_route=%2Fwp%2Fv2%2Fmedia&parent=179"}],"curies":[{"name":"wp","href":"https:\/\/api.w.org\/{rel}","templated":true}]}}