{"id":163,"date":"2021-03-25T15:43:34","date_gmt":"2021-03-25T18:43:34","guid":{"rendered":"http:\/\/museudaoralidade.org.br\/?page_id=163"},"modified":"2021-04-08T10:42:45","modified_gmt":"2021-04-08T13:42:45","slug":"edital-bolsa-de-criacao","status":"publish","type":"page","link":"https:\/\/museudaoralidade.org.br\/?page_id=163","title":{"rendered":"Resultado do edital Bolsa de Cria\u00e7\u00e3o"},"content":{"rendered":"<p><strong>Atualiza\u00e7\u00e3o em 7 de abril de 2021<\/strong><\/p>\n<p><strong>Resultado Final<\/strong><\/p>\n<p><strong>Contemplados<\/strong><\/p>\n<p>Keyser Tuley Ribeiro de Brito<br \/>\nGuilherme Flor\u00eancio Silva<br \/>\nMaria Terezinha de Jesus Marcelino<br \/>\nTiago dos Santos<br \/>\nLaila Cristina Nascimento Juvenal<br \/>\nPaulo C\u00e9sar de Barros<br \/>\nRodrigo Cust\u00f3dio Neves<br \/>\nClodomilson dos Santos<br \/>\nPaula Roberta de Oliveir Aguiar<br \/>\nJorge Willian Ferreira dos Santos<br \/>\nCarolina Aparecida dos Santos Silva<br \/>\nLuara Silva Mafra<br \/>\nMiria Cristina de Oliveira<br \/>\nAndreza Vieira da Silva Rocha<\/p>\n<p>Os contemplados ser\u00e3o procurados pela equipe da Viraminas Associa\u00e7\u00e3o Cultural para acerto dos detalhes de pagamento da bolsa e presta\u00e7\u00e3o de contas.<\/p>\n<p>&nbsp;<\/p>\n<p><strong>Suplentes<\/strong> (<em>em caso de desist\u00eancia dos contemplados<\/em>)<\/p>\n<p>Leandro de Carvalo Gobi<br \/>\nSanderson Firmino<br \/>\nSued Lincoln<br \/>\nFrancilene Marcelino de Azevedo<br \/>\nFrancisca de F\u00e1tima Silva<\/p>\n<p><strong>Atualiza\u00e7\u00e3o em 5 de abril de 2021 (segunda-feira)<\/strong><\/p>\n<p>As inscri\u00e7\u00f5es est\u00e3o encerradas. O resultado da avalia\u00e7\u00e3o sair\u00e1 nesta quinta-feira, 8 de abril, \u00e0s 10h. Segue a lista com todos os <strong>inscritos<\/strong> (que ainda n\u00e3o passaram por avalia\u00e7\u00e3o).<\/p>\n<div>\n<div>1. Ana Carolina Andrade Costa<\/div>\n<div>2. Anderson Baltazar Rodrigues<\/div>\n<div>3. Andreza Vieira da Silva Rocha<\/div>\n<div>4. An\u00edsio Francisco Barbosa<\/div>\n<div>5. Ariel Mamede<\/div>\n<div>6. Carlos Daniel Paulino<\/div>\n<div>7. Carolina Aparecida dos Santos Silva<\/div>\n<div>8. Clodomilson dos Santos<\/div>\n<div>9. Francilene Marcelino de Azevedo<\/div>\n<div>10. Francisca de F\u00e1tima Silva<\/div>\n<div>11. Guilherme Flor\u00eancio Silva<\/div>\n<div>12. Jorge Willian Ferreira dos Santos<\/div>\n<div>13. Keyser Tuley Ribeiro de Brito<\/div>\n<div>14. Layla Cristina Nascimento Juvenal<\/div>\n<div>15. Leandro de Carvalo Gobi<\/div>\n<div>16. Luara Silva Mafra<\/div>\n<div>17. M\u00e1rcia Ol\u00edvia da Cruz<\/div>\n<div>18. Maria Aparecida de Almeida Silva<\/div>\n<div>19. Maria Cristina de Oliveira<\/div>\n<div>20. Mariana Regina de Oliveira Chagas<\/div>\n<div>21. Maria Terezinha de Jesus Marcelino<\/div>\n<div>22. Paula Roberta de Oliveir Aguiar<\/div>\n<div>23. Paulo C\u00e9sar de Barros<\/div>\n<div>24. Rodrigo Cust\u00f3dio Neves<\/div>\n<div>25. Rodrigo Jos\u00e9 do Vale<\/div>\n<div>26. Rosilene Adriana Silva de Souza<\/div>\n<div>27. Sanderson Firmino<\/div>\n<div>28. Sued Lincoln<\/div>\n<div>29. Tiago dos Santos<\/div>\n<\/div>\n<div>Todos os \u00e1udios enviados est\u00e3o arquivados e agora passar\u00e3o pela an\u00e1lise da comiss\u00e3o de sele\u00e7\u00e3o, nos termos do edital.<\/div>\n<div><\/div>\n<div>Retifica\u00e7\u00e3o: na lista de inscritos, deixou de constar o nome de <em>Fernando Jos\u00e9 de Souza Arantes<\/em>.<\/div>\n<div><\/div>\n<hr \/>\n<p>&nbsp;<\/p>\n<p><a href=\"http:\/\/museudaoralidade.org.br\/wp-content\/uploads\/2021\/03\/Edital-Bolsa-Microprojetos.pdf\">Baixe aqui o edital completo<\/a>. Leia todo o edital antes de se inscrever.<\/p>\n<p>&nbsp;<\/p>\n<table width=\"567\" cellspacing=\"0\" cellpadding=\"4\">\n<colgroup>\n<col width=\"192\" \/>\n<col width=\"357\" \/> <\/colgroup>\n<tbody>\n<tr valign=\"top\">\n<td width=\"192\"><span style=\"font-family: Liberation Serif, serif;\">Per\u00edodo de inscri\u00e7\u00e3o<\/span><\/td>\n<td width=\"357\"><span style=\"font-family: Liberation Serif, serif;\">29 de mar\u00e7o a 4 de abril de 2021<\/span><\/td>\n<\/tr>\n<tr valign=\"top\">\n<td width=\"192\"><span style=\"font-family: Liberation Serif, serif;\">Quem pode se inscrever<\/span><\/td>\n<td width=\"357\"><span style=\"font-family: Liberation Serif, serif;\">Quaisquer agentes culturais residente e atuante em Tr\u00eas Cora\u00e7\u00f5es, de qualquer \u00e1rea art\u00edstica, em situa\u00e7\u00e3o de vulnerabilidade econ\u00f4mica, social e de sa\u00fade acentuada pela pandemia do covid-19. A inscri\u00e7\u00e3o \u00e9 individual.<\/span><\/td>\n<\/tr>\n<tr valign=\"top\">\n<td width=\"192\"><span style=\"font-family: Liberation Serif, serif;\">N\u00famero de contemplados<\/span><\/td>\n<td width=\"357\"><span style=\"font-family: Liberation Serif, serif;\">14<\/span><\/td>\n<\/tr>\n<tr valign=\"top\">\n<td width=\"192\"><span style=\"font-family: Liberation Serif, serif;\">Valor da bolsa<\/span><\/td>\n<td width=\"357\"><span style=\"font-family: Liberation Serif, serif;\">R$ 1.800,00<\/span><\/td>\n<\/tr>\n<tr valign=\"top\">\n<td width=\"192\"><span style=\"font-family: Liberation Serif, serif;\">Crit\u00e9rios de sele\u00e7\u00e3o<\/span><\/td>\n<td width=\"357\"><span style=\"font-family: Liberation Serif, serif;\">Vulnerabilidade social agravada pela pandemia e hist\u00f3rico relevante para a produ\u00e7\u00e3o art\u00edstico-cultural do munic\u00edpio<\/span><\/td>\n<\/tr>\n<tr valign=\"top\">\n<td width=\"192\"><span style=\"font-family: Liberation Serif, serif;\">Formato de inscri\u00e7\u00e3o<\/span><\/td>\n<td width=\"357\"><span style=\"font-family: Liberation Serif, serif;\">\u00c1udio de whatsapp respondendo corretamente e com clareza as perguntas constantes do Anexo I \u2013 Question\u00e1rio<\/span><\/td>\n<\/tr>\n<tr valign=\"top\">\n<td width=\"192\"><span style=\"font-family: Liberation Serif, serif;\">A bolsa \u00e9 para qu\u00ea?<\/span><\/td>\n<td width=\"357\"><span style=\"font-family: Liberation Serif, serif;\">O recurso \u00e9 destinado \u00e0 manuten\u00e7\u00e3o da atividade art\u00edstico-cultural do contemplado, seja por meio de produ\u00e7\u00e3o de pe\u00e7as, ensaios, escrita de projetos, estudos para aprimoramento da t\u00e9cnica e a\u00e7\u00f5es similares.<\/span><\/td>\n<\/tr>\n<\/tbody>\n<\/table>\n<p><a href=\"http:\/\/museudaoralidade.org.br\/wp-content\/uploads\/2021\/03\/Edital-Bolsa-Microprojetos.pdf\">Baixe aqui o edital completo<\/a>. Leia todo o edital antes de se inscrever.<\/p>\n","protected":false},"excerpt":{"rendered":"<a href=\"https:\/\/museudaoralidade.org.br\/?page_id=163\" rel=\"bookmark\" title=\"Link permanente Resultado do edital Bolsa de Cria\u00e7\u00e3o\"><p>Atualiza\u00e7\u00e3o em 7 de abril de 2021 Resultado Final Contemplados Keyser Tuley Ribeiro de Brito Guilherme Flor\u00eancio Silva Maria Terezinha de Jesus Marcelino Tiago dos Santos Laila Cristina Nascimento Juvenal Paulo C\u00e9sar de Barros Rodrigo Cust\u00f3dio Neves Clodomilson dos Santos Paula Roberta de Oliveir Aguiar Jorge Willian Ferreira dos Santos Carolina Aparecida dos Santos Silva [&hellip;]<\/p>\n<\/a>","protected":false},"author":1,"featured_media":0,"parent":0,"menu_order":4,"comment_status":"closed","ping_status":"closed","template":"","meta":{"spay_email":""},"_links":{"self":[{"href":"https:\/\/museudaoralidade.org.br\/index.php?rest_route=\/wp\/v2\/pages\/163"}],"collection":[{"href":"https:\/\/museudaoralidade.org.br\/index.php?rest_route=\/wp\/v2\/pages"}],"about":[{"href":"https:\/\/museudaoralidade.org.br\/index.php?rest_route=\/wp\/v2\/types\/page"}],"author":[{"embeddable":true,"href":"https:\/\/museudaoralidade.org.br\/index.php?rest_route=\/wp\/v2\/users\/1"}],"replies":[{"embeddable":true,"href":"https:\/\/museudaoralidade.org.br\/index.php?rest_route=%2Fwp%2Fv2%2Fcomments&post=163"}],"version-history":[{"count":5,"href":"https:\/\/museudaoralidade.org.br\/index.php?rest_route=\/wp\/v2\/pages\/163\/revisions"}],"predecessor-version":[{"id":173,"href":"https:\/\/museudaoralidade.org.br\/index.php?rest_route=\/wp\/v2\/pages\/163\/revisions\/173"}],"wp:attachment":[{"href":"https:\/\/museudaoralidade.org.br\/index.php?rest_route=%2Fwp%2Fv2%2Fmedia&parent=163"}],"curies":[{"name":"wp","href":"https:\/\/api.w.org\/{rel}","templated":true}]}}