{"id":155,"date":"2021-03-12T19:21:09","date_gmt":"2021-03-12T22:21:09","guid":{"rendered":"http:\/\/museudaoralidade.org.br\/?page_id=155"},"modified":"2021-04-05T14:48:20","modified_gmt":"2021-04-05T17:48:20","slug":"candidatura-para-documentario","status":"publish","type":"page","link":"https:\/\/museudaoralidade.org.br\/?page_id=155","title":{"rendered":"Candidatura para document\u00e1rio"},"content":{"rendered":"<p>Inscri\u00e7\u00f5es encerradas. Link mantido apenas por quest\u00e3o de transpar\u00eancia enquanto durar o projeto.<\/p>\n<div id=\"attachment_158\" style=\"width: 710px\" class=\"wp-caption alignnone\"><img aria-describedby=\"caption-attachment-158\" loading=\"lazy\" class=\"size-large wp-image-158\" src=\"http:\/\/museudaoralidade.org.br\/wp-content\/uploads\/2021\/03\/35231198044_7d1fd36fef_o-1024x683.jpg\" alt=\"\" width=\"700\" height=\"467\" srcset=\"https:\/\/museudaoralidade.org.br\/wp-content\/uploads\/2021\/03\/35231198044_7d1fd36fef_o-1024x683.jpg 1024w, https:\/\/museudaoralidade.org.br\/wp-content\/uploads\/2021\/03\/35231198044_7d1fd36fef_o-300x200.jpg 300w, https:\/\/museudaoralidade.org.br\/wp-content\/uploads\/2021\/03\/35231198044_7d1fd36fef_o-768x512.jpg 768w, https:\/\/museudaoralidade.org.br\/wp-content\/uploads\/2021\/03\/35231198044_7d1fd36fef_o-700x467.jpg 700w, https:\/\/museudaoralidade.org.br\/wp-content\/uploads\/2021\/03\/35231198044_7d1fd36fef_o.jpg 2048w\" sizes=\"(max-width: 700px) 100vw, 700px\" \/><p id=\"caption-attachment-158\" class=\"wp-caption-text\">Paulo Morais, jornalista e diretor do document\u00e1rio. Foto Mostra Mosca<\/p><\/div>\n<p class=\"code-line \" data-line=\"2\">O Museu da Oralidade, com o patroc\u00ednio da Lei Aldir Blanc de Emerg\u00eancia Cultural, est\u00e1 procurando um personagem protagonista para grava\u00e7\u00e3o de videodocument\u00e1rio sobre a pandemia do covid-19 a partir de sua perspectiva pessoal.<\/p>\n<p class=\"code-line \" data-line=\"4\">Para tanto, <strong>est\u00e3o abertas at\u00e9 31 de mar\u00e7o<\/strong> inscri\u00e7\u00f5es para imigrantes chineses ou filhos de imigrantes chineses radicados no Brasil e que estejam vivenciando em solo brasileiro a realidade da pandemia e do isolamento social. As inscri\u00e7\u00f5es podem ser feitas por qualquer um que ler o regulamento abaixo <a href=\"https:\/\/docs.google.com\/forms\/d\/e\/1FAIpQLSf9XzQjDs1V5jwnwZo1wPYz2OrL9KQWdyGKVIwnJOt-0iY0Qw\/viewform?usp=sf_link\">neste link<\/a>. Se preferir, o mesmo formul\u00e1rio se encontra ali em baixo, ap\u00f3s o regulamento.<\/p>\n<p class=\"code-line \" data-line=\"6\"><strong>Funcionar\u00e1 assim:<\/strong> se voc\u00ea for escolhido, receber\u00e1 uma ajuda de custo de R$ 1.000,00 pela participa\u00e7\u00e3o. Voc\u00ea dar\u00e1 uma entrevista virtual ao jornalista Paulo Morais, que ir\u00e1 transformar sua hist\u00f3ria e seu cotidiano em um roteiro de filme. Voc\u00ea mesmo ir\u00e1 gravar as cenas dentro de sua casa, sempre com orienta\u00e7\u00e3o remota. N\u00e3o \u00e9 necess\u00e1ria nenhuma experi\u00eancia pr\u00e9via com filmagens e grava\u00e7\u00f5es de v\u00eddeo. Voc\u00ea receber\u00e1 uma c\u00e2mera autom\u00e1tica em casa, pelo correio e, ap\u00f3s 20 dias, a devolver\u00e1 para o Museu da Oralidade tamb\u00e9m via correio. Com o material que voc\u00ea filmar, o Museu da Oralidade ir\u00e1 montar o document\u00e1rio com cenas do seu cotidiano e suas impress\u00f5es sobre o momento, sobre a quarentena e sobre os desafios pessoais e coletivos que enfrentamos, sempre a partir de sua vis\u00e3o.<\/p>\n<p class=\"code-line \" data-line=\"8\">S\u00e3o requisitos m\u00ednimos para participar deste projeto:<\/p>\n<ol>\n<li class=\"code-line \" data-line=\"10\">ser imigrante chin\u00eas ou descendente direto de imigrante chin\u00eas, radicado no Brasil;<\/li>\n<li class=\"code-line\" data-line=\"11\">compreender bem e falar razoavelmente o idioma portugu\u00eas;<\/li>\n<li class=\"code-line \" data-line=\"12\">ter mais de 18 anos;<\/li>\n<li class=\"code-line \" data-line=\"13\">ter vontade de contar em v\u00eddeo sua pr\u00f3pria hist\u00f3ria e opinar sobre o atual momento hist\u00f3rico mundial a partir de sua perspectiva.<\/li>\n<\/ol>\n<p class=\"code-line \" data-line=\"15\">O participante do projeto tem as seguintes obriga\u00e7\u00f5es:<\/p>\n<ol>\n<li class=\"code-line \" data-line=\"17\">ceder direito de imagens e sons de si e dos familiares que moram consigo para o projeto.<\/li>\n<li class=\"code-line\" data-line=\"18\">conceder entrevistas (via videoconfer\u00eancia) ao diretor do document\u00e1rio;<\/li>\n<li class=\"code-line \" data-line=\"19\">gravar em v\u00eddeo, seguindo orienta\u00e7\u00f5es dadas a dist\u00e2ncia pelo diretor e com c\u00e2mera emprestada pelo projeto (enviada e devolvida via correio), um m\u00ednimo de seis horas de cenas de si pr\u00f3prio, de casa e do seu cotidiano durante o momento de pandemia e isolamento social;<\/li>\n<li class=\"code-line \" data-line=\"20\">zelar pelo bom andamento do projeto, mantendo contato permanente e informando ao diretor quaisquer problemas que possam vir a atrapalhar o andamento do cronograma;<\/li>\n<li class=\"code-line\" data-line=\"21\">gravar 100% das cenas dentro da pr\u00f3pria casa;<\/li>\n<li class=\"code-line \" data-line=\"22\">jamais utilizar-se do processo de grava\u00e7\u00f5es como desculpa ou argumento para furar a quarentena, visitar amigos e familiares ou quebrar recomenda\u00e7\u00f5es de distanciamento social.<\/li>\n<\/ol>\n<p class=\"code-line \" data-line=\"24\">O diretor Paulo Morais, do Museu da Oralidade, se compromete a:<\/p>\n<ol>\n<li class=\"code-line \" data-line=\"26\">Zelar pela dignidade e boa imagem do personagem, evitando, na montagem do document\u00e1rio, provocar quaisquer tipo de constrangimento, caricaturiza\u00e7\u00e3o, inferioriza\u00e7\u00e3o, discrimina\u00e7\u00e3o \u00e9tnico-racial ou de g\u00eanero;<\/li>\n<li class=\"code-line \" data-line=\"27\">Orientar corretamente o personagem para a gera\u00e7\u00e3o ideal de imagens, com didatismo, proatividade e aten\u00e7\u00e3o;<\/li>\n<li class=\"code-line \" data-line=\"28\">Ser fiel \u00e0s opini\u00f5es e vis\u00f5es de mundo do personagem, atentando-se para evitar distor\u00e7\u00e3o de falas, gestos, olhares e inten\u00e7\u00f5es;<\/li>\n<li class=\"code-line \" data-line=\"29\">Enviar para a casa do personagem uma c\u00e2mera autom\u00e1tica, de f\u00e1cil opera\u00e7\u00e3o, totalmente configurada para as grava\u00e7\u00f5es, exigindo pouco conhecimento t\u00e9cnico do participante;<\/li>\n<li class=\"code-line \" data-line=\"30\">Informar ao personagem sobre todas as fases de produ\u00e7\u00e3o, p\u00f3s-produ\u00e7\u00e3o e circula\u00e7\u00e3o do document\u00e1rio.<\/li>\n<\/ol>\n<p class=\"code-line code-active-line\" data-line=\"32\">A participa\u00e7\u00e3o neste document\u00e1rio confere ao participante o recebimento de uma ajuda de custo de R$ 1.000,00 (um mil reais) transferidos via pix (ou outro meio de transfer\u00eancia banc\u00e1ria), sendo um ter\u00e7o logo ap\u00f3s o recebimento da c\u00e2mera em casa e o restante (dois ter\u00e7os) ap\u00f3s a devolu\u00e7\u00e3o do equipamento.<\/p>\n<p data-line=\"32\">Quaisquer outras d\u00favidas podem ser resolvidas pelo e-mail paulo@viraminas.org.br ou pelo whatsapp (35) 99904-7881.<\/p>\n<p><iframe loading=\"lazy\" src=\"https:\/\/docs.google.com\/forms\/d\/e\/1FAIpQLSf9XzQjDs1V5jwnwZo1wPYz2OrL9KQWdyGKVIwnJOt-0iY0Qw\/viewform?embedded=true\" width=\"640\" height=\"2943\" frameborder=\"0\" marginwidth=\"0\" marginheight=\"0\">Carregando\u2026<\/iframe><\/p>\n","protected":false},"excerpt":{"rendered":"<a href=\"https:\/\/museudaoralidade.org.br\/?page_id=155\" rel=\"bookmark\" title=\"Link permanente Candidatura para document\u00e1rio\"><p>Inscri\u00e7\u00f5es encerradas. Link mantido apenas por quest\u00e3o de transpar\u00eancia enquanto durar o projeto. O Museu da Oralidade, com o patroc\u00ednio da Lei Aldir Blanc de Emerg\u00eancia Cultural, est\u00e1 procurando um personagem protagonista para grava\u00e7\u00e3o de videodocument\u00e1rio sobre a pandemia do covid-19 a partir de sua perspectiva pessoal. Para tanto, est\u00e3o abertas at\u00e9 31 de mar\u00e7o [&hellip;]<\/p>\n<\/a>","protected":false},"author":1,"featured_media":158,"parent":0,"menu_order":0,"comment_status":"closed","ping_status":"closed","template":"","meta":{"spay_email":""},"_links":{"self":[{"href":"https:\/\/museudaoralidade.org.br\/index.php?rest_route=\/wp\/v2\/pages\/155"}],"collection":[{"href":"https:\/\/museudaoralidade.org.br\/index.php?rest_route=\/wp\/v2\/pages"}],"about":[{"href":"https:\/\/museudaoralidade.org.br\/index.php?rest_route=\/wp\/v2\/types\/page"}],"author":[{"embeddable":true,"href":"https:\/\/museudaoralidade.org.br\/index.php?rest_route=\/wp\/v2\/users\/1"}],"replies":[{"embeddable":true,"href":"https:\/\/museudaoralidade.org.br\/index.php?rest_route=%2Fwp%2Fv2%2Fcomments&post=155"}],"version-history":[{"count":5,"href":"https:\/\/museudaoralidade.org.br\/index.php?rest_route=\/wp\/v2\/pages\/155\/revisions"}],"predecessor-version":[{"id":169,"href":"https:\/\/museudaoralidade.org.br\/index.php?rest_route=\/wp\/v2\/pages\/155\/revisions\/169"}],"wp:featuredmedia":[{"embeddable":true,"href":"https:\/\/museudaoralidade.org.br\/index.php?rest_route=\/wp\/v2\/media\/158"}],"wp:attachment":[{"href":"https:\/\/museudaoralidade.org.br\/index.php?rest_route=%2Fwp%2Fv2%2Fmedia&parent=155"}],"curies":[{"name":"wp","href":"https:\/\/api.w.org\/{rel}","templated":true}]}}